{"id":4481,"date":"2023-06-28T04:58:50","date_gmt":"2023-06-28T08:58:50","guid":{"rendered":"https:\/\/apformliner.com\/es\/?page_id=4481"},"modified":"2024-04-25T12:17:14","modified_gmt":"2024-04-25T16:17:14","slug":"promocion-educacion-y-apoyo","status":"publish","type":"page","link":"https:\/\/apformliner.com\/es\/promocion-educacion-y-apoyo\/","title":{"rendered":"PROMOCI\u00d3N, EDUCACI\u00d3N Y APOYO"},"content":{"rendered":"<p>\u00bfQu\u00e9 producto se adapta a sus necesidades? Eche un vistazo a nuestros videos y demostraciones de productos para obtener informaci\u00f3n \u00fatil sobre c\u00f3mo Architectural Polymers puede ayudarlo con su pr\u00f3ximo proyecto de hormig\u00f3n prefabricado, tilt-up y construcci\u00f3n in situ. Architectural Polymers tambi\u00e9n se enorgullece de ofrecer educaci\u00f3n continua a trav\u00e9s de nuestra serie de almuerzos y aprendizaje. Llame al 610.824.3322 o\u00a0complete el siguiente formulario,\u00a0y un representante de ventas se comunicar\u00e1 para programar.<\/p>\n<div class=\"postblock__img\"><img loading=\"lazy\" decoding=\"async\" class=\"aligncenter wp-image-4183 size-full\" src=\"https:\/\/apformliner.com\/es\/wp-content\/uploads\/sites\/2\/2023\/02\/class1.jpg18d26f0a-b1ee-419c-b673-c6d626bb393fOriginal.jpg\" alt=\"\" width=\"799\" height=\"424\" srcset=\"https:\/\/apformliner.com\/es\/wp-content\/uploads\/sites\/2\/2023\/02\/class1.jpg18d26f0a-b1ee-419c-b673-c6d626bb393fOriginal.jpg 799w, https:\/\/apformliner.com\/es\/wp-content\/uploads\/sites\/2\/2023\/02\/class1.jpg18d26f0a-b1ee-419c-b673-c6d626bb393fOriginal-300x159.jpg 300w, https:\/\/apformliner.com\/es\/wp-content\/uploads\/sites\/2\/2023\/02\/class1.jpg18d26f0a-b1ee-419c-b673-c6d626bb393fOriginal-768x408.jpg 768w\" sizes=\"auto, (max-width: 799px) 100vw, 799px\" \/><\/div>\n<h3>Visi\u00f3n general de la educaci\u00f3n<\/h3>\n<p>Los revestimientos de hormig\u00f3n superiores y los sistemas de incrustaciones de ladrillo de Architectural Polymers pueden ayudarle a hacer realidad sus conceptos arquitect\u00f3nicos. Tenemos la tecnolog\u00eda y la experiencia para mantener la integridad del dise\u00f1o al tiempo que ofrecemos m\u00e9todos de construcci\u00f3n avanzados. Desde grandes proyectos que requieren patrones repetitivos de chapa de ladrillo hasta peque\u00f1os trabajos personalizados de fundici\u00f3n en el lugar, tenemos soluciones para satisfacer sus necesidades individuales. Perm\u00edtanos ayudarle desde el lanzamiento de su proyecto hasta su finalizaci\u00f3n con el fin de lograr un dise\u00f1o est\u00e9tico \u00f3ptimo y una construcci\u00f3n de calidad.<\/p>\n<p>Eche un vistazo a este video para ver lo que AP tiene para ofrecer: <a href=\"https:\/\/www.youtube.com\/watch?v=EbiAq3kcxX0\">Architectural Polymers \u2013 YouTube<\/a><\/p>\n","protected":false},"excerpt":{"rendered":"<p>\u00bfQu\u00e9 producto se adapta a sus necesidades? Eche un vistazo a nuestros videos y demostraciones de productos para obtener informaci\u00f3n \u00fatil sobre c\u00f3mo Architectural Polymers puede ayudarlo con su pr\u00f3ximo proyecto de hormig\u00f3n prefabricado, tilt-up y construcci\u00f3n in situ. Architectural Polymers tambi\u00e9n se enorgullece de ofrecer educaci\u00f3n continua a trav\u00e9s de nuestra serie de almuerzos [&hellip;]<\/p>\n","protected":false},"author":1,"featured_media":0,"parent":0,"menu_order":0,"comment_status":"closed","ping_status":"closed","template":"page-education-support-update.php","meta":{"_acf_changed":false,"footnotes":""},"class_list":["post-4481","page","type-page","status-publish","hentry"],"acf":[],"yoast_head":"<!-- This site is optimized with the Yoast SEO plugin v23.7 - https:\/\/yoast.com\/wordpress\/plugins\/seo\/ -->\n<title>PROMOCI\u00d3N, EDUCACI\u00d3N Y APOYO - Architectural Polymers ES<\/title>\n<meta name=\"robots\" content=\"index, follow, max-snippet:-1, max-image-preview:large, max-video-preview:-1\" \/>\n<link rel=\"canonical\" href=\"https:\/\/apformliner.com\/es\/promocion-educacion-y-apoyo\/\" \/>\n<meta property=\"og:locale\" content=\"en_US\" \/>\n<meta property=\"og:type\" content=\"article\" \/>\n<meta property=\"og:title\" content=\"PROMOCI\u00d3N, EDUCACI\u00d3N Y APOYO - Architectural Polymers ES\" \/>\n<meta property=\"og:description\" content=\"\u00bfQu\u00e9 producto se adapta a sus necesidades? Eche un vistazo a nuestros videos y demostraciones de productos para obtener informaci\u00f3n \u00fatil sobre c\u00f3mo Architectural Polymers puede ayudarlo con su pr\u00f3ximo proyecto de hormig\u00f3n prefabricado, tilt-up y construcci\u00f3n in situ. Architectural Polymers tambi\u00e9n se enorgullece de ofrecer educaci\u00f3n continua a trav\u00e9s de nuestra serie de almuerzos [&hellip;]\" \/>\n<meta property=\"og:url\" content=\"https:\/\/apformliner.com\/es\/promocion-educacion-y-apoyo\/\" \/>\n<meta property=\"og:site_name\" content=\"Architectural Polymers ES\" \/>\n<meta property=\"article:modified_time\" content=\"2024-04-25T16:17:14+00:00\" \/>\n<meta property=\"og:image\" content=\"https:\/\/apformliner.com\/es\/wp-content\/uploads\/sites\/2\/2023\/02\/class1.jpg18d26f0a-b1ee-419c-b673-c6d626bb393fOriginal.jpg\" \/>\n<meta name=\"twitter:card\" content=\"summary_large_image\" \/>\n<meta name=\"twitter:label1\" content=\"Est. reading time\" \/>\n\t<meta name=\"twitter:data1\" content=\"2 minutes\" \/>\n<script type=\"application\/ld+json\" class=\"yoast-schema-graph\">{\"@context\":\"https:\/\/schema.org\",\"@graph\":[{\"@type\":\"WebPage\",\"@id\":\"https:\/\/apformliner.com\/es\/promocion-educacion-y-apoyo\/\",\"url\":\"https:\/\/apformliner.com\/es\/promocion-educacion-y-apoyo\/\",\"name\":\"PROMOCI\u00d3N, EDUCACI\u00d3N Y APOYO - Architectural Polymers ES\",\"isPartOf\":{\"@id\":\"https:\/\/apformliner.com\/es\/#website\"},\"primaryImageOfPage\":{\"@id\":\"https:\/\/apformliner.com\/es\/promocion-educacion-y-apoyo\/#primaryimage\"},\"image\":{\"@id\":\"https:\/\/apformliner.com\/es\/promocion-educacion-y-apoyo\/#primaryimage\"},\"thumbnailUrl\":\"https:\/\/apformliner.com\/es\/wp-content\/uploads\/sites\/2\/2023\/02\/class1.jpg18d26f0a-b1ee-419c-b673-c6d626bb393fOriginal.jpg\",\"datePublished\":\"2023-06-28T08:58:50+00:00\",\"dateModified\":\"2024-04-25T16:17:14+00:00\",\"breadcrumb\":{\"@id\":\"https:\/\/apformliner.com\/es\/promocion-educacion-y-apoyo\/#breadcrumb\"},\"inLanguage\":\"en-US\",\"potentialAction\":[{\"@type\":\"ReadAction\",\"target\":[\"https:\/\/apformliner.com\/es\/promocion-educacion-y-apoyo\/\"]}]},{\"@type\":\"ImageObject\",\"inLanguage\":\"en-US\",\"@id\":\"https:\/\/apformliner.com\/es\/promocion-educacion-y-apoyo\/#primaryimage\",\"url\":\"https:\/\/apformliner.com\/es\/wp-content\/uploads\/sites\/2\/2023\/02\/class1.jpg18d26f0a-b1ee-419c-b673-c6d626bb393fOriginal.jpg\",\"contentUrl\":\"https:\/\/apformliner.com\/es\/wp-content\/uploads\/sites\/2\/2023\/02\/class1.jpg18d26f0a-b1ee-419c-b673-c6d626bb393fOriginal.jpg\",\"width\":799,\"height\":424},{\"@type\":\"BreadcrumbList\",\"@id\":\"https:\/\/apformliner.com\/es\/promocion-educacion-y-apoyo\/#breadcrumb\",\"itemListElement\":[{\"@type\":\"ListItem\",\"position\":1,\"name\":\"Home\",\"item\":\"https:\/\/apformliner.com\/es\/\"},{\"@type\":\"ListItem\",\"position\":2,\"name\":\"PROMOCI\u00d3N, EDUCACI\u00d3N Y APOYO\"}]},{\"@type\":\"WebSite\",\"@id\":\"https:\/\/apformliner.com\/es\/#website\",\"url\":\"https:\/\/apformliner.com\/es\/\",\"name\":\"Architectural Polymers ES\",\"description\":\"\",\"publisher\":{\"@id\":\"https:\/\/apformliner.com\/es\/#organization\"},\"potentialAction\":[{\"@type\":\"SearchAction\",\"target\":{\"@type\":\"EntryPoint\",\"urlTemplate\":\"https:\/\/apformliner.com\/es\/?s={search_term_string}\"},\"query-input\":{\"@type\":\"PropertyValueSpecification\",\"valueRequired\":true,\"valueName\":\"search_term_string\"}}],\"inLanguage\":\"en-US\"},{\"@type\":\"Organization\",\"@id\":\"https:\/\/apformliner.com\/es\/#organization\",\"name\":\"Architectural Polymers ES\",\"url\":\"https:\/\/apformliner.com\/es\/\",\"logo\":{\"@type\":\"ImageObject\",\"inLanguage\":\"en-US\",\"@id\":\"https:\/\/apformliner.com\/es\/#\/schema\/logo\/image\/\",\"url\":\"https:\/\/apformliner.com\/es\/wp-content\/uploads\/sites\/2\/2023\/02\/cropped-ap.png\",\"contentUrl\":\"https:\/\/apformliner.com\/es\/wp-content\/uploads\/sites\/2\/2023\/02\/cropped-ap.png\",\"width\":217,\"height\":228,\"caption\":\"Architectural Polymers ES\"},\"image\":{\"@id\":\"https:\/\/apformliner.com\/es\/#\/schema\/logo\/image\/\"}}]}<\/script>\n<!-- \/ Yoast SEO plugin. -->","yoast_head_json":{"title":"PROMOCI\u00d3N, EDUCACI\u00d3N Y APOYO - Architectural Polymers ES","robots":{"index":"index","follow":"follow","max-snippet":"max-snippet:-1","max-image-preview":"max-image-preview:large","max-video-preview":"max-video-preview:-1"},"canonical":"https:\/\/apformliner.com\/es\/promocion-educacion-y-apoyo\/","og_locale":"en_US","og_type":"article","og_title":"PROMOCI\u00d3N, EDUCACI\u00d3N Y APOYO - Architectural Polymers ES","og_description":"\u00bfQu\u00e9 producto se adapta a sus necesidades? Eche un vistazo a nuestros videos y demostraciones de productos para obtener informaci\u00f3n \u00fatil sobre c\u00f3mo Architectural Polymers puede ayudarlo con su pr\u00f3ximo proyecto de hormig\u00f3n prefabricado, tilt-up y construcci\u00f3n in situ. Architectural Polymers tambi\u00e9n se enorgullece de ofrecer educaci\u00f3n continua a trav\u00e9s de nuestra serie de almuerzos [&hellip;]","og_url":"https:\/\/apformliner.com\/es\/promocion-educacion-y-apoyo\/","og_site_name":"Architectural Polymers ES","article_modified_time":"2024-04-25T16:17:14+00:00","og_image":[{"url":"https:\/\/apformliner.com\/es\/wp-content\/uploads\/sites\/2\/2023\/02\/class1.jpg18d26f0a-b1ee-419c-b673-c6d626bb393fOriginal.jpg"}],"twitter_card":"summary_large_image","twitter_misc":{"Est. reading time":"2 minutes"},"schema":{"@context":"https:\/\/schema.org","@graph":[{"@type":"WebPage","@id":"https:\/\/apformliner.com\/es\/promocion-educacion-y-apoyo\/","url":"https:\/\/apformliner.com\/es\/promocion-educacion-y-apoyo\/","name":"PROMOCI\u00d3N, EDUCACI\u00d3N Y APOYO - Architectural Polymers ES","isPartOf":{"@id":"https:\/\/apformliner.com\/es\/#website"},"primaryImageOfPage":{"@id":"https:\/\/apformliner.com\/es\/promocion-educacion-y-apoyo\/#primaryimage"},"image":{"@id":"https:\/\/apformliner.com\/es\/promocion-educacion-y-apoyo\/#primaryimage"},"thumbnailUrl":"https:\/\/apformliner.com\/es\/wp-content\/uploads\/sites\/2\/2023\/02\/class1.jpg18d26f0a-b1ee-419c-b673-c6d626bb393fOriginal.jpg","datePublished":"2023-06-28T08:58:50+00:00","dateModified":"2024-04-25T16:17:14+00:00","breadcrumb":{"@id":"https:\/\/apformliner.com\/es\/promocion-educacion-y-apoyo\/#breadcrumb"},"inLanguage":"en-US","potentialAction":[{"@type":"ReadAction","target":["https:\/\/apformliner.com\/es\/promocion-educacion-y-apoyo\/"]}]},{"@type":"ImageObject","inLanguage":"en-US","@id":"https:\/\/apformliner.com\/es\/promocion-educacion-y-apoyo\/#primaryimage","url":"https:\/\/apformliner.com\/es\/wp-content\/uploads\/sites\/2\/2023\/02\/class1.jpg18d26f0a-b1ee-419c-b673-c6d626bb393fOriginal.jpg","contentUrl":"https:\/\/apformliner.com\/es\/wp-content\/uploads\/sites\/2\/2023\/02\/class1.jpg18d26f0a-b1ee-419c-b673-c6d626bb393fOriginal.jpg","width":799,"height":424},{"@type":"BreadcrumbList","@id":"https:\/\/apformliner.com\/es\/promocion-educacion-y-apoyo\/#breadcrumb","itemListElement":[{"@type":"ListItem","position":1,"name":"Home","item":"https:\/\/apformliner.com\/es\/"},{"@type":"ListItem","position":2,"name":"PROMOCI\u00d3N, EDUCACI\u00d3N Y APOYO"}]},{"@type":"WebSite","@id":"https:\/\/apformliner.com\/es\/#website","url":"https:\/\/apformliner.com\/es\/","name":"Architectural Polymers ES","description":"","publisher":{"@id":"https:\/\/apformliner.com\/es\/#organization"},"potentialAction":[{"@type":"SearchAction","target":{"@type":"EntryPoint","urlTemplate":"https:\/\/apformliner.com\/es\/?s={search_term_string}"},"query-input":{"@type":"PropertyValueSpecification","valueRequired":true,"valueName":"search_term_string"}}],"inLanguage":"en-US"},{"@type":"Organization","@id":"https:\/\/apformliner.com\/es\/#organization","name":"Architectural Polymers ES","url":"https:\/\/apformliner.com\/es\/","logo":{"@type":"ImageObject","inLanguage":"en-US","@id":"https:\/\/apformliner.com\/es\/#\/schema\/logo\/image\/","url":"https:\/\/apformliner.com\/es\/wp-content\/uploads\/sites\/2\/2023\/02\/cropped-ap.png","contentUrl":"https:\/\/apformliner.com\/es\/wp-content\/uploads\/sites\/2\/2023\/02\/cropped-ap.png","width":217,"height":228,"caption":"Architectural Polymers ES"},"image":{"@id":"https:\/\/apformliner.com\/es\/#\/schema\/logo\/image\/"}}]}},"_links":{"self":[{"href":"https:\/\/apformliner.com\/es\/wp-json\/wp\/v2\/pages\/4481","targetHints":{"allow":["GET"]}}],"collection":[{"href":"https:\/\/apformliner.com\/es\/wp-json\/wp\/v2\/pages"}],"about":[{"href":"https:\/\/apformliner.com\/es\/wp-json\/wp\/v2\/types\/page"}],"author":[{"embeddable":true,"href":"https:\/\/apformliner.com\/es\/wp-json\/wp\/v2\/users\/1"}],"replies":[{"embeddable":true,"href":"https:\/\/apformliner.com\/es\/wp-json\/wp\/v2\/comments?post=4481"}],"version-history":[{"count":6,"href":"https:\/\/apformliner.com\/es\/wp-json\/wp\/v2\/pages\/4481\/revisions"}],"predecessor-version":[{"id":4490,"href":"https:\/\/apformliner.com\/es\/wp-json\/wp\/v2\/pages\/4481\/revisions\/4490"}],"wp:attachment":[{"href":"https:\/\/apformliner.com\/es\/wp-json\/wp\/v2\/media?parent=4481"}],"curies":[{"name":"wp","href":"https:\/\/api.w.org\/{rel}","templated":true}]}}