{"id":19,"date":"2021-07-28T14:52:50","date_gmt":"2021-07-28T14:52:50","guid":{"rendered":"https:\/\/apformliner.bycapp.com\/?page_id=19"},"modified":"2024-03-23T06:27:19","modified_gmt":"2024-03-23T10:27:19","slug":"single-use-form-liners","status":"publish","type":"page","link":"https:\/\/apformliner.com\/es\/single-use-form-liners\/","title":{"rendered":"SOLUCIONES"},"content":{"rendered":"<p>Architectural Polymers is committed to providing our customers with the best products as well as superior customer service. We offer design consultation and support from start through completion of construction. Our team has the knowledge, experience and reliability you can count on. Let Architectural Polymers provide a solution for your next concrete project.Architectural Polymers proporciona soluciones avanzadas de hormig\u00f3n para proyectos de construcci\u00f3n de hormig\u00f3n prefabricado, tilt-up y construcci\u00f3n in situ. Ofrecemos una amplia selecci\u00f3n de productos de construcci\u00f3n de hormig\u00f3n, incluidos los sistemas de incrustaci\u00f3n de ladrillo fino Versa-Brix \u00ae, ladrillos finos, revestimientos de encofrado de hormig\u00f3n, arte de hormig\u00f3n, revestimientos de encofrado fotograbados y manchas de hormig\u00f3n. Desde los sistemas de incrustaci\u00f3n de ladrillo fino Versa-Brix \u00ae f\u00e1ciles de usar para la construcci\u00f3n prefabricada hasta los revestimientos de hormig\u00f3n rentables para contratistas,<br \/>\ncada uno de nuestros productos ofrece m\u00faltiples beneficios para sus requisitos espec\u00edficos de la industria.<\/p>\n<p>Architectural Polymers se compromete a proporcionar a nuestros clientes los mejores productos, as\u00ed como un servicio al cliente superior. Ofrecemos asesoramiento y apoyo de dise\u00f1o desde el inicio hasta la finalizaci\u00f3n de la construcci\u00f3n. Nuestro equipo tiene el conocimiento, la experiencia y la fiabilidad con los que puede contar. Deje que Architectural Polymers proporcione una soluci\u00f3n para su pr\u00f3ximo proyecto de hormig\u00f3n.<\/p>\n","protected":false},"excerpt":{"rendered":"<p>Architectural Polymers is committed to providing our customers with the best products as well as superior customer service. We offer design consultation and support from start through completion of construction. Our team has the knowledge, experience and reliability you can count on. Let Architectural Polymers provide a solution for your next concrete project.Architectural Polymers proporciona [&hellip;]<\/p>\n","protected":false},"author":1,"featured_media":0,"parent":0,"menu_order":0,"comment_status":"closed","ping_status":"closed","template":"page-solution.php","meta":{"_acf_changed":false,"footnotes":""},"class_list":["post-19","page","type-page","status-publish","hentry"],"acf":[],"yoast_head":"<!-- This site is optimized with the Yoast SEO plugin v23.7 - https:\/\/yoast.com\/wordpress\/plugins\/seo\/ -->\n<title>SOLUCIONES - Architectural Polymers ES<\/title>\n<meta name=\"description\" content=\"Architectural Polymers, has over 30 years of global know-how in the Concrete Form liners industry. The most trusted company in form liners\" \/>\n<meta name=\"robots\" content=\"index, follow, max-snippet:-1, max-image-preview:large, max-video-preview:-1\" \/>\n<link rel=\"canonical\" href=\"https:\/\/apformliner.com\/es\/single-use-form-liners\/\" \/>\n<meta property=\"og:locale\" content=\"en_US\" \/>\n<meta property=\"og:type\" content=\"article\" \/>\n<meta property=\"og:title\" content=\"SOLUCIONES - Architectural Polymers ES\" \/>\n<meta property=\"og:description\" content=\"Architectural Polymers, has over 30 years of global know-how in the Concrete Form liners industry. The most trusted company in form liners\" \/>\n<meta property=\"og:url\" content=\"https:\/\/apformliner.com\/es\/single-use-form-liners\/\" \/>\n<meta property=\"og:site_name\" content=\"Architectural Polymers ES\" \/>\n<meta property=\"article:modified_time\" content=\"2024-03-23T10:27:19+00:00\" \/>\n<meta name=\"twitter:card\" content=\"summary_large_image\" \/>\n<meta name=\"twitter:label1\" content=\"Est. reading time\" \/>\n\t<meta name=\"twitter:data1\" content=\"1 minute\" \/>\n<script type=\"application\/ld+json\" class=\"yoast-schema-graph\">{\"@context\":\"https:\/\/schema.org\",\"@graph\":[{\"@type\":\"WebPage\",\"@id\":\"https:\/\/apformliner.com\/es\/single-use-form-liners\/\",\"url\":\"https:\/\/apformliner.com\/es\/single-use-form-liners\/\",\"name\":\"SOLUCIONES - Architectural Polymers ES\",\"isPartOf\":{\"@id\":\"https:\/\/apformliner.com\/es\/#website\"},\"datePublished\":\"2021-07-28T14:52:50+00:00\",\"dateModified\":\"2024-03-23T10:27:19+00:00\",\"description\":\"Architectural Polymers, has over 30 years of global know-how in the Concrete Form liners industry. The most trusted company in form liners\",\"breadcrumb\":{\"@id\":\"https:\/\/apformliner.com\/es\/single-use-form-liners\/#breadcrumb\"},\"inLanguage\":\"en-US\",\"potentialAction\":[{\"@type\":\"ReadAction\",\"target\":[\"https:\/\/apformliner.com\/es\/single-use-form-liners\/\"]}]},{\"@type\":\"BreadcrumbList\",\"@id\":\"https:\/\/apformliner.com\/es\/single-use-form-liners\/#breadcrumb\",\"itemListElement\":[{\"@type\":\"ListItem\",\"position\":1,\"name\":\"Home\",\"item\":\"https:\/\/apformliner.com\/es\/\"},{\"@type\":\"ListItem\",\"position\":2,\"name\":\"SOLUCIONES\"}]},{\"@type\":\"WebSite\",\"@id\":\"https:\/\/apformliner.com\/es\/#website\",\"url\":\"https:\/\/apformliner.com\/es\/\",\"name\":\"Architectural Polymers ES\",\"description\":\"\",\"publisher\":{\"@id\":\"https:\/\/apformliner.com\/es\/#organization\"},\"potentialAction\":[{\"@type\":\"SearchAction\",\"target\":{\"@type\":\"EntryPoint\",\"urlTemplate\":\"https:\/\/apformliner.com\/es\/?s={search_term_string}\"},\"query-input\":{\"@type\":\"PropertyValueSpecification\",\"valueRequired\":true,\"valueName\":\"search_term_string\"}}],\"inLanguage\":\"en-US\"},{\"@type\":\"Organization\",\"@id\":\"https:\/\/apformliner.com\/es\/#organization\",\"name\":\"Architectural Polymers ES\",\"url\":\"https:\/\/apformliner.com\/es\/\",\"logo\":{\"@type\":\"ImageObject\",\"inLanguage\":\"en-US\",\"@id\":\"https:\/\/apformliner.com\/es\/#\/schema\/logo\/image\/\",\"url\":\"https:\/\/apformliner.com\/es\/wp-content\/uploads\/sites\/2\/2023\/02\/cropped-ap.png\",\"contentUrl\":\"https:\/\/apformliner.com\/es\/wp-content\/uploads\/sites\/2\/2023\/02\/cropped-ap.png\",\"width\":217,\"height\":228,\"caption\":\"Architectural Polymers ES\"},\"image\":{\"@id\":\"https:\/\/apformliner.com\/es\/#\/schema\/logo\/image\/\"}}]}<\/script>\n<!-- \/ Yoast SEO plugin. -->","yoast_head_json":{"title":"SOLUCIONES - Architectural Polymers ES","description":"Architectural Polymers, has over 30 years of global know-how in the Concrete Form liners industry. The most trusted company in form liners","robots":{"index":"index","follow":"follow","max-snippet":"max-snippet:-1","max-image-preview":"max-image-preview:large","max-video-preview":"max-video-preview:-1"},"canonical":"https:\/\/apformliner.com\/es\/single-use-form-liners\/","og_locale":"en_US","og_type":"article","og_title":"SOLUCIONES - Architectural Polymers ES","og_description":"Architectural Polymers, has over 30 years of global know-how in the Concrete Form liners industry. The most trusted company in form liners","og_url":"https:\/\/apformliner.com\/es\/single-use-form-liners\/","og_site_name":"Architectural Polymers ES","article_modified_time":"2024-03-23T10:27:19+00:00","twitter_card":"summary_large_image","twitter_misc":{"Est. reading time":"1 minute"},"schema":{"@context":"https:\/\/schema.org","@graph":[{"@type":"WebPage","@id":"https:\/\/apformliner.com\/es\/single-use-form-liners\/","url":"https:\/\/apformliner.com\/es\/single-use-form-liners\/","name":"SOLUCIONES - Architectural Polymers ES","isPartOf":{"@id":"https:\/\/apformliner.com\/es\/#website"},"datePublished":"2021-07-28T14:52:50+00:00","dateModified":"2024-03-23T10:27:19+00:00","description":"Architectural Polymers, has over 30 years of global know-how in the Concrete Form liners industry. The most trusted company in form liners","breadcrumb":{"@id":"https:\/\/apformliner.com\/es\/single-use-form-liners\/#breadcrumb"},"inLanguage":"en-US","potentialAction":[{"@type":"ReadAction","target":["https:\/\/apformliner.com\/es\/single-use-form-liners\/"]}]},{"@type":"BreadcrumbList","@id":"https:\/\/apformliner.com\/es\/single-use-form-liners\/#breadcrumb","itemListElement":[{"@type":"ListItem","position":1,"name":"Home","item":"https:\/\/apformliner.com\/es\/"},{"@type":"ListItem","position":2,"name":"SOLUCIONES"}]},{"@type":"WebSite","@id":"https:\/\/apformliner.com\/es\/#website","url":"https:\/\/apformliner.com\/es\/","name":"Architectural Polymers ES","description":"","publisher":{"@id":"https:\/\/apformliner.com\/es\/#organization"},"potentialAction":[{"@type":"SearchAction","target":{"@type":"EntryPoint","urlTemplate":"https:\/\/apformliner.com\/es\/?s={search_term_string}"},"query-input":{"@type":"PropertyValueSpecification","valueRequired":true,"valueName":"search_term_string"}}],"inLanguage":"en-US"},{"@type":"Organization","@id":"https:\/\/apformliner.com\/es\/#organization","name":"Architectural Polymers ES","url":"https:\/\/apformliner.com\/es\/","logo":{"@type":"ImageObject","inLanguage":"en-US","@id":"https:\/\/apformliner.com\/es\/#\/schema\/logo\/image\/","url":"https:\/\/apformliner.com\/es\/wp-content\/uploads\/sites\/2\/2023\/02\/cropped-ap.png","contentUrl":"https:\/\/apformliner.com\/es\/wp-content\/uploads\/sites\/2\/2023\/02\/cropped-ap.png","width":217,"height":228,"caption":"Architectural Polymers ES"},"image":{"@id":"https:\/\/apformliner.com\/es\/#\/schema\/logo\/image\/"}}]}},"_links":{"self":[{"href":"https:\/\/apformliner.com\/es\/wp-json\/wp\/v2\/pages\/19","targetHints":{"allow":["GET"]}}],"collection":[{"href":"https:\/\/apformliner.com\/es\/wp-json\/wp\/v2\/pages"}],"about":[{"href":"https:\/\/apformliner.com\/es\/wp-json\/wp\/v2\/types\/page"}],"author":[{"embeddable":true,"href":"https:\/\/apformliner.com\/es\/wp-json\/wp\/v2\/users\/1"}],"replies":[{"embeddable":true,"href":"https:\/\/apformliner.com\/es\/wp-json\/wp\/v2\/comments?post=19"}],"version-history":[{"count":29,"href":"https:\/\/apformliner.com\/es\/wp-json\/wp\/v2\/pages\/19\/revisions"}],"predecessor-version":[{"id":4882,"href":"https:\/\/apformliner.com\/es\/wp-json\/wp\/v2\/pages\/19\/revisions\/4882"}],"wp:attachment":[{"href":"https:\/\/apformliner.com\/es\/wp-json\/wp\/v2\/media?parent=19"}],"curies":[{"name":"wp","href":"https:\/\/api.w.org\/{rel}","templated":true}]}}