{"id":17,"date":"2021-07-28T14:52:44","date_gmt":"2021-07-28T14:52:44","guid":{"rendered":"https:\/\/apformliner.bycapp.com\/?page_id=17"},"modified":"2024-03-22T14:43:11","modified_gmt":"2024-03-22T18:43:11","slug":"form-liner-projects","status":"publish","type":"page","link":"https:\/\/apformliner.com\/es\/form-liner-projects\/","title":{"rendered":"PROYECTOS"},"content":{"rendered":"<p>T\u00f3mese un momento para navegar por nuestra galer\u00eda con sistemas de incrustaciones de ladrillo fino de pol\u00edmeros arquitect\u00f3nicos, encofrados arquitect\u00f3nicos, sistemas de revestimientos de encofrados de arte concreto, revestimientos de encofrados fotograbados y manchas arquitect\u00f3nicas en una amplia gama de proyectos prefabricados, tilt-up y construcci\u00f2n in situ.<\/p>\n","protected":false},"excerpt":{"rendered":"<p>T\u00f3mese un momento para navegar por nuestra galer\u00eda con sistemas de incrustaciones de ladrillo fino de pol\u00edmeros arquitect\u00f3nicos, encofrados arquitect\u00f3nicos, sistemas de revestimientos de encofrados de arte concreto, revestimientos de encofrados fotograbados y manchas arquitect\u00f3nicas en una amplia gama de proyectos prefabricados, tilt-up y construcci\u00f2n in situ.<\/p>\n","protected":false},"author":1,"featured_media":0,"parent":0,"menu_order":0,"comment_status":"closed","ping_status":"closed","template":"page-projects.php","meta":{"_acf_changed":false,"footnotes":""},"class_list":["post-17","page","type-page","status-publish","hentry"],"acf":[],"yoast_head":"<!-- This site is optimized with the Yoast SEO plugin v23.7 - https:\/\/yoast.com\/wordpress\/plugins\/seo\/ -->\n<title>PROYECTOS - Architectural Polymers ES<\/title>\n<meta name=\"description\" content=\"Architectural Polymers, has over 30 years of global know-how in the form liners industry, browse our form liner projects.\" \/>\n<meta name=\"robots\" content=\"index, follow, max-snippet:-1, max-image-preview:large, max-video-preview:-1\" \/>\n<link rel=\"canonical\" href=\"https:\/\/apformliner.com\/es\/form-liner-projects\/\" \/>\n<meta property=\"og:locale\" content=\"en_US\" \/>\n<meta property=\"og:type\" content=\"article\" \/>\n<meta property=\"og:title\" content=\"PROYECTOS - Architectural Polymers ES\" \/>\n<meta property=\"og:description\" content=\"Architectural Polymers, has over 30 years of global know-how in the form liners industry, browse our form liner projects.\" \/>\n<meta property=\"og:url\" content=\"https:\/\/apformliner.com\/es\/form-liner-projects\/\" \/>\n<meta property=\"og:site_name\" content=\"Architectural Polymers ES\" \/>\n<meta property=\"article:modified_time\" content=\"2024-03-22T18:43:11+00:00\" \/>\n<meta name=\"twitter:card\" content=\"summary_large_image\" \/>\n<meta name=\"twitter:label1\" content=\"Est. reading time\" \/>\n\t<meta name=\"twitter:data1\" content=\"1 minute\" \/>\n<script type=\"application\/ld+json\" class=\"yoast-schema-graph\">{\"@context\":\"https:\/\/schema.org\",\"@graph\":[{\"@type\":\"WebPage\",\"@id\":\"https:\/\/apformliner.com\/es\/form-liner-projects\/\",\"url\":\"https:\/\/apformliner.com\/es\/form-liner-projects\/\",\"name\":\"PROYECTOS - Architectural Polymers ES\",\"isPartOf\":{\"@id\":\"https:\/\/apformliner.com\/es\/#website\"},\"datePublished\":\"2021-07-28T14:52:44+00:00\",\"dateModified\":\"2024-03-22T18:43:11+00:00\",\"description\":\"Architectural Polymers, has over 30 years of global know-how in the form liners industry, browse our form liner projects.\",\"breadcrumb\":{\"@id\":\"https:\/\/apformliner.com\/es\/form-liner-projects\/#breadcrumb\"},\"inLanguage\":\"en-US\",\"potentialAction\":[{\"@type\":\"ReadAction\",\"target\":[\"https:\/\/apformliner.com\/es\/form-liner-projects\/\"]}]},{\"@type\":\"BreadcrumbList\",\"@id\":\"https:\/\/apformliner.com\/es\/form-liner-projects\/#breadcrumb\",\"itemListElement\":[{\"@type\":\"ListItem\",\"position\":1,\"name\":\"Home\",\"item\":\"https:\/\/apformliner.com\/es\/\"},{\"@type\":\"ListItem\",\"position\":2,\"name\":\"PROYECTOS\"}]},{\"@type\":\"WebSite\",\"@id\":\"https:\/\/apformliner.com\/es\/#website\",\"url\":\"https:\/\/apformliner.com\/es\/\",\"name\":\"Architectural Polymers ES\",\"description\":\"\",\"publisher\":{\"@id\":\"https:\/\/apformliner.com\/es\/#organization\"},\"potentialAction\":[{\"@type\":\"SearchAction\",\"target\":{\"@type\":\"EntryPoint\",\"urlTemplate\":\"https:\/\/apformliner.com\/es\/?s={search_term_string}\"},\"query-input\":{\"@type\":\"PropertyValueSpecification\",\"valueRequired\":true,\"valueName\":\"search_term_string\"}}],\"inLanguage\":\"en-US\"},{\"@type\":\"Organization\",\"@id\":\"https:\/\/apformliner.com\/es\/#organization\",\"name\":\"Architectural Polymers ES\",\"url\":\"https:\/\/apformliner.com\/es\/\",\"logo\":{\"@type\":\"ImageObject\",\"inLanguage\":\"en-US\",\"@id\":\"https:\/\/apformliner.com\/es\/#\/schema\/logo\/image\/\",\"url\":\"https:\/\/apformliner.com\/es\/wp-content\/uploads\/sites\/2\/2023\/02\/cropped-ap.png\",\"contentUrl\":\"https:\/\/apformliner.com\/es\/wp-content\/uploads\/sites\/2\/2023\/02\/cropped-ap.png\",\"width\":217,\"height\":228,\"caption\":\"Architectural Polymers ES\"},\"image\":{\"@id\":\"https:\/\/apformliner.com\/es\/#\/schema\/logo\/image\/\"}}]}<\/script>\n<!-- \/ Yoast SEO plugin. -->","yoast_head_json":{"title":"PROYECTOS - Architectural Polymers ES","description":"Architectural Polymers, has over 30 years of global know-how in the form liners industry, browse our form liner projects.","robots":{"index":"index","follow":"follow","max-snippet":"max-snippet:-1","max-image-preview":"max-image-preview:large","max-video-preview":"max-video-preview:-1"},"canonical":"https:\/\/apformliner.com\/es\/form-liner-projects\/","og_locale":"en_US","og_type":"article","og_title":"PROYECTOS - Architectural Polymers ES","og_description":"Architectural Polymers, has over 30 years of global know-how in the form liners industry, browse our form liner projects.","og_url":"https:\/\/apformliner.com\/es\/form-liner-projects\/","og_site_name":"Architectural Polymers ES","article_modified_time":"2024-03-22T18:43:11+00:00","twitter_card":"summary_large_image","twitter_misc":{"Est. reading time":"1 minute"},"schema":{"@context":"https:\/\/schema.org","@graph":[{"@type":"WebPage","@id":"https:\/\/apformliner.com\/es\/form-liner-projects\/","url":"https:\/\/apformliner.com\/es\/form-liner-projects\/","name":"PROYECTOS - Architectural Polymers ES","isPartOf":{"@id":"https:\/\/apformliner.com\/es\/#website"},"datePublished":"2021-07-28T14:52:44+00:00","dateModified":"2024-03-22T18:43:11+00:00","description":"Architectural Polymers, has over 30 years of global know-how in the form liners industry, browse our form liner projects.","breadcrumb":{"@id":"https:\/\/apformliner.com\/es\/form-liner-projects\/#breadcrumb"},"inLanguage":"en-US","potentialAction":[{"@type":"ReadAction","target":["https:\/\/apformliner.com\/es\/form-liner-projects\/"]}]},{"@type":"BreadcrumbList","@id":"https:\/\/apformliner.com\/es\/form-liner-projects\/#breadcrumb","itemListElement":[{"@type":"ListItem","position":1,"name":"Home","item":"https:\/\/apformliner.com\/es\/"},{"@type":"ListItem","position":2,"name":"PROYECTOS"}]},{"@type":"WebSite","@id":"https:\/\/apformliner.com\/es\/#website","url":"https:\/\/apformliner.com\/es\/","name":"Architectural Polymers ES","description":"","publisher":{"@id":"https:\/\/apformliner.com\/es\/#organization"},"potentialAction":[{"@type":"SearchAction","target":{"@type":"EntryPoint","urlTemplate":"https:\/\/apformliner.com\/es\/?s={search_term_string}"},"query-input":{"@type":"PropertyValueSpecification","valueRequired":true,"valueName":"search_term_string"}}],"inLanguage":"en-US"},{"@type":"Organization","@id":"https:\/\/apformliner.com\/es\/#organization","name":"Architectural Polymers ES","url":"https:\/\/apformliner.com\/es\/","logo":{"@type":"ImageObject","inLanguage":"en-US","@id":"https:\/\/apformliner.com\/es\/#\/schema\/logo\/image\/","url":"https:\/\/apformliner.com\/es\/wp-content\/uploads\/sites\/2\/2023\/02\/cropped-ap.png","contentUrl":"https:\/\/apformliner.com\/es\/wp-content\/uploads\/sites\/2\/2023\/02\/cropped-ap.png","width":217,"height":228,"caption":"Architectural Polymers ES"},"image":{"@id":"https:\/\/apformliner.com\/es\/#\/schema\/logo\/image\/"}}]}},"_links":{"self":[{"href":"https:\/\/apformliner.com\/es\/wp-json\/wp\/v2\/pages\/17","targetHints":{"allow":["GET"]}}],"collection":[{"href":"https:\/\/apformliner.com\/es\/wp-json\/wp\/v2\/pages"}],"about":[{"href":"https:\/\/apformliner.com\/es\/wp-json\/wp\/v2\/types\/page"}],"author":[{"embeddable":true,"href":"https:\/\/apformliner.com\/es\/wp-json\/wp\/v2\/users\/1"}],"replies":[{"embeddable":true,"href":"https:\/\/apformliner.com\/es\/wp-json\/wp\/v2\/comments?post=17"}],"version-history":[{"count":3,"href":"https:\/\/apformliner.com\/es\/wp-json\/wp\/v2\/pages\/17\/revisions"}],"predecessor-version":[{"id":4873,"href":"https:\/\/apformliner.com\/es\/wp-json\/wp\/v2\/pages\/17\/revisions\/4873"}],"wp:attachment":[{"href":"https:\/\/apformliner.com\/es\/wp-json\/wp\/v2\/media?parent=17"}],"curies":[{"name":"wp","href":"https:\/\/api.w.org\/{rel}","templated":true}]}}