{"id":15,"date":"2021-07-28T14:52:37","date_gmt":"2021-07-28T14:52:37","guid":{"rendered":"https:\/\/apformliner.bycapp.com\/?page_id=15"},"modified":"2024-03-23T12:20:55","modified_gmt":"2024-03-23T16:20:55","slug":"products","status":"publish","type":"page","link":"https:\/\/apformliner.com\/es\/products\/","title":{"rendered":"PRODUCTOS"},"content":{"rendered":"<p>Architectural Polymers ofrece productos de calidad que ofrecen una soluci\u00f3n avanzada al ladrillo y la mamposter\u00eda tradicionales a la vez que ofrecen un proceso de construcci\u00f3n ambientalmente superior. Obtenga m\u00e1s detalles a continuaci\u00f3n y descubra c\u00f3mo puede utilizar nuestros innovadores sistemas de incrustaci\u00f3n de ladrillos Versa-Brix \u00ae con ofertas de ladrillos delgados, encofrados de hormig\u00f3n, arte de concreto, revestimientos de encofrados fotograbados y manchas de hormig\u00f3n en su pr\u00f3ximo proyecto prefabricado, tilt-up y construcci\u00f2n in situ.<\/p>\n","protected":false},"excerpt":{"rendered":"<p>Architectural Polymers ofrece productos de calidad que ofrecen una soluci\u00f3n avanzada al ladrillo y la mamposter\u00eda tradicionales a la vez que ofrecen un proceso de construcci\u00f3n ambientalmente superior. Obtenga m\u00e1s detalles a continuaci\u00f3n y descubra c\u00f3mo puede utilizar nuestros innovadores sistemas de incrustaci\u00f3n de ladrillos Versa-Brix \u00ae con ofertas de ladrillos delgados, encofrados de hormig\u00f3n, [&hellip;]<\/p>\n","protected":false},"author":1,"featured_media":0,"parent":0,"menu_order":0,"comment_status":"closed","ping_status":"closed","template":"page-products.php","meta":{"_acf_changed":false,"footnotes":""},"class_list":["post-15","page","type-page","status-publish","hentry"],"acf":[],"yoast_head":"<!-- This site is optimized with the Yoast SEO plugin v23.7 - https:\/\/yoast.com\/wordpress\/plugins\/seo\/ -->\n<title>Architectural Polymers ES - Concrete Formliners<\/title>\n<meta name=\"description\" content=\"Hundreds of different concrete formliners to choose from. Select from wood, fractured, stone and block and brick.\" \/>\n<meta name=\"robots\" content=\"index, follow, max-snippet:-1, max-image-preview:large, max-video-preview:-1\" \/>\n<link rel=\"canonical\" href=\"https:\/\/apformliner.com\/es\/products\/\" \/>\n<meta property=\"og:locale\" content=\"en_US\" \/>\n<meta property=\"og:type\" content=\"article\" \/>\n<meta property=\"og:title\" content=\"Architectural Polymers ES - Concrete Formliners\" \/>\n<meta property=\"og:description\" content=\"Hundreds of different concrete formliners to choose from. Select from wood, fractured, stone and block and brick.\" \/>\n<meta property=\"og:url\" content=\"https:\/\/apformliner.com\/es\/products\/\" \/>\n<meta property=\"og:site_name\" content=\"Architectural Polymers ES\" \/>\n<meta property=\"article:modified_time\" content=\"2024-03-23T16:20:55+00:00\" \/>\n<meta name=\"twitter:card\" content=\"summary_large_image\" \/>\n<meta name=\"twitter:label1\" content=\"Est. reading time\" \/>\n\t<meta name=\"twitter:data1\" content=\"1 minute\" \/>\n<script type=\"application\/ld+json\" class=\"yoast-schema-graph\">{\"@context\":\"https:\/\/schema.org\",\"@graph\":[{\"@type\":\"WebPage\",\"@id\":\"https:\/\/apformliner.com\/es\/products\/\",\"url\":\"https:\/\/apformliner.com\/es\/products\/\",\"name\":\"Architectural Polymers ES - Concrete Formliners\",\"isPartOf\":{\"@id\":\"https:\/\/apformliner.com\/es\/#website\"},\"datePublished\":\"2021-07-28T14:52:37+00:00\",\"dateModified\":\"2024-03-23T16:20:55+00:00\",\"description\":\"Hundreds of different concrete formliners to choose from. Select from wood, fractured, stone and block and brick.\",\"breadcrumb\":{\"@id\":\"https:\/\/apformliner.com\/es\/products\/#breadcrumb\"},\"inLanguage\":\"en-US\",\"potentialAction\":[{\"@type\":\"ReadAction\",\"target\":[\"https:\/\/apformliner.com\/es\/products\/\"]}]},{\"@type\":\"BreadcrumbList\",\"@id\":\"https:\/\/apformliner.com\/es\/products\/#breadcrumb\",\"itemListElement\":[{\"@type\":\"ListItem\",\"position\":1,\"name\":\"Home\",\"item\":\"https:\/\/apformliner.com\/es\/\"},{\"@type\":\"ListItem\",\"position\":2,\"name\":\"PRODUCTOS\"}]},{\"@type\":\"WebSite\",\"@id\":\"https:\/\/apformliner.com\/es\/#website\",\"url\":\"https:\/\/apformliner.com\/es\/\",\"name\":\"Architectural Polymers ES\",\"description\":\"\",\"publisher\":{\"@id\":\"https:\/\/apformliner.com\/es\/#organization\"},\"potentialAction\":[{\"@type\":\"SearchAction\",\"target\":{\"@type\":\"EntryPoint\",\"urlTemplate\":\"https:\/\/apformliner.com\/es\/?s={search_term_string}\"},\"query-input\":{\"@type\":\"PropertyValueSpecification\",\"valueRequired\":true,\"valueName\":\"search_term_string\"}}],\"inLanguage\":\"en-US\"},{\"@type\":\"Organization\",\"@id\":\"https:\/\/apformliner.com\/es\/#organization\",\"name\":\"Architectural Polymers ES\",\"url\":\"https:\/\/apformliner.com\/es\/\",\"logo\":{\"@type\":\"ImageObject\",\"inLanguage\":\"en-US\",\"@id\":\"https:\/\/apformliner.com\/es\/#\/schema\/logo\/image\/\",\"url\":\"https:\/\/apformliner.com\/es\/wp-content\/uploads\/sites\/2\/2023\/02\/cropped-ap.png\",\"contentUrl\":\"https:\/\/apformliner.com\/es\/wp-content\/uploads\/sites\/2\/2023\/02\/cropped-ap.png\",\"width\":217,\"height\":228,\"caption\":\"Architectural Polymers ES\"},\"image\":{\"@id\":\"https:\/\/apformliner.com\/es\/#\/schema\/logo\/image\/\"}}]}<\/script>\n<!-- \/ Yoast SEO plugin. -->","yoast_head_json":{"title":"Architectural Polymers ES - Concrete Formliners","description":"Hundreds of different concrete formliners to choose from. Select from wood, fractured, stone and block and brick.","robots":{"index":"index","follow":"follow","max-snippet":"max-snippet:-1","max-image-preview":"max-image-preview:large","max-video-preview":"max-video-preview:-1"},"canonical":"https:\/\/apformliner.com\/es\/products\/","og_locale":"en_US","og_type":"article","og_title":"Architectural Polymers ES - Concrete Formliners","og_description":"Hundreds of different concrete formliners to choose from. Select from wood, fractured, stone and block and brick.","og_url":"https:\/\/apformliner.com\/es\/products\/","og_site_name":"Architectural Polymers ES","article_modified_time":"2024-03-23T16:20:55+00:00","twitter_card":"summary_large_image","twitter_misc":{"Est. reading time":"1 minute"},"schema":{"@context":"https:\/\/schema.org","@graph":[{"@type":"WebPage","@id":"https:\/\/apformliner.com\/es\/products\/","url":"https:\/\/apformliner.com\/es\/products\/","name":"Architectural Polymers ES - Concrete Formliners","isPartOf":{"@id":"https:\/\/apformliner.com\/es\/#website"},"datePublished":"2021-07-28T14:52:37+00:00","dateModified":"2024-03-23T16:20:55+00:00","description":"Hundreds of different concrete formliners to choose from. Select from wood, fractured, stone and block and brick.","breadcrumb":{"@id":"https:\/\/apformliner.com\/es\/products\/#breadcrumb"},"inLanguage":"en-US","potentialAction":[{"@type":"ReadAction","target":["https:\/\/apformliner.com\/es\/products\/"]}]},{"@type":"BreadcrumbList","@id":"https:\/\/apformliner.com\/es\/products\/#breadcrumb","itemListElement":[{"@type":"ListItem","position":1,"name":"Home","item":"https:\/\/apformliner.com\/es\/"},{"@type":"ListItem","position":2,"name":"PRODUCTOS"}]},{"@type":"WebSite","@id":"https:\/\/apformliner.com\/es\/#website","url":"https:\/\/apformliner.com\/es\/","name":"Architectural Polymers ES","description":"","publisher":{"@id":"https:\/\/apformliner.com\/es\/#organization"},"potentialAction":[{"@type":"SearchAction","target":{"@type":"EntryPoint","urlTemplate":"https:\/\/apformliner.com\/es\/?s={search_term_string}"},"query-input":{"@type":"PropertyValueSpecification","valueRequired":true,"valueName":"search_term_string"}}],"inLanguage":"en-US"},{"@type":"Organization","@id":"https:\/\/apformliner.com\/es\/#organization","name":"Architectural Polymers ES","url":"https:\/\/apformliner.com\/es\/","logo":{"@type":"ImageObject","inLanguage":"en-US","@id":"https:\/\/apformliner.com\/es\/#\/schema\/logo\/image\/","url":"https:\/\/apformliner.com\/es\/wp-content\/uploads\/sites\/2\/2023\/02\/cropped-ap.png","contentUrl":"https:\/\/apformliner.com\/es\/wp-content\/uploads\/sites\/2\/2023\/02\/cropped-ap.png","width":217,"height":228,"caption":"Architectural Polymers ES"},"image":{"@id":"https:\/\/apformliner.com\/es\/#\/schema\/logo\/image\/"}}]}},"_links":{"self":[{"href":"https:\/\/apformliner.com\/es\/wp-json\/wp\/v2\/pages\/15","targetHints":{"allow":["GET"]}}],"collection":[{"href":"https:\/\/apformliner.com\/es\/wp-json\/wp\/v2\/pages"}],"about":[{"href":"https:\/\/apformliner.com\/es\/wp-json\/wp\/v2\/types\/page"}],"author":[{"embeddable":true,"href":"https:\/\/apformliner.com\/es\/wp-json\/wp\/v2\/users\/1"}],"replies":[{"embeddable":true,"href":"https:\/\/apformliner.com\/es\/wp-json\/wp\/v2\/comments?post=15"}],"version-history":[{"count":6,"href":"https:\/\/apformliner.com\/es\/wp-json\/wp\/v2\/pages\/15\/revisions"}],"predecessor-version":[{"id":4898,"href":"https:\/\/apformliner.com\/es\/wp-json\/wp\/v2\/pages\/15\/revisions\/4898"}],"wp:attachment":[{"href":"https:\/\/apformliner.com\/es\/wp-json\/wp\/v2\/media?parent=15"}],"curies":[{"name":"wp","href":"https:\/\/api.w.org\/{rel}","templated":true}]}}