{"id":13,"date":"2021-07-28T14:52:29","date_gmt":"2021-07-28T14:52:29","guid":{"rendered":"https:\/\/apformliner.bycapp.com\/?page_id=13"},"modified":"2024-03-22T14:40:18","modified_gmt":"2024-03-22T18:40:18","slug":"about-us","status":"publish","type":"page","link":"https:\/\/apformliner.com\/es\/about-us\/","title":{"rendered":"QUI\u00c9NES SOMOS"},"content":{"rendered":"<p><strong>Architectural Polymers: L\u00edder en Fabricaci\u00f3n de Formas de Concreto<\/strong><\/p>\n<p>Architectural Polymers ha sido l\u00edder e innovador en la industria de fabricaci\u00f3n de encofrados de hormig\u00f3n durante 30 a\u00f1os, ofreciendo soluciones concretas para satisfacer las necesidades individuales de los proyectos de construcci\u00f3n prefabricados, tilt-up y construcci\u00f3n in situ.\u00a0 Desarrollamos una amplia gama de m\u00e9todos innovadores que ofrecen una soluci\u00f3n superior a los ladrillos y mamposter\u00eda tradicionales y benefician a la comunidad arquitect\u00f3nica.\u00a0 Las aplicaciones van desde moldes de revestimiento de hormig\u00f3n de alta calidad para el arte decorativo del hormig\u00f3n en las carreteras de Am\u00e9rica del Norte hasta sistemas de incrustaciones de ladrillo delgado de fabricaci\u00f3n personalizada para revestir escuelas, hospitales, edificios de oficinas comerciales, condominios y terrazas de estacionamiento.\u00a0 En Architectural Polymers, nos esforzamos por encontrar soluciones rentables para crear estructuras de hormig\u00f3n hermosas y decorativas.<\/p>\n<p>A trav\u00e9s de una excelencia continua, Architectural Polymers suministra a arquitectos, propietarios, contratistas generales y fabricantes de concreto prefabricado las mejores opciones de ladrillos delgados de calidad aprobados por el Instituto de Concreto Prefabricado\/Pretensado. Nos asociamos con respetados fabricantes de ladrillos delgados como MetroBrick\u00ae, Summitville\u00ae, Endicott\u00ae, R\u00f6ben\u00ae, General Shale\u00ae y, m\u00e1s recientemente, Hebron\u00ae, para ofrecer sus l\u00edneas de productos junto con la familia Versa-Brix\u00ae y otros sistemas de paneles de revestimiento para materiales no concretos. Como un sistema de ladrillos delgados, forros de formas de concreto de ladrillos delgados de uso \u00fanico y m\u00faltiple, servicios y accesorios, esta asociaci\u00f3n, utilizada en su totalidad, reduce el costo para el consumidor.<\/p>\n<p>Architectural Polymers se complace en anunciar la disponibilidad de revestimientos de encofrado fotograbados que crean paneles de hormig\u00f3n fotograbados \u00fanicos y hermosos.<\/p>\n<p>Desde el sistema de incrustaci\u00f3n de ladrillo Versa-Brix \u00ae y los revestimientos de encofrado de hormig\u00f3n hasta el arte de hormig\u00f3n personalizado y los fotograbados de hormig\u00f3n, Architectural Polymers ofrece una amplia gama de soluciones para sus necesidades de construcci\u00f3n de hormig\u00f3n.\u00a0 Benef\u00edciese de la experiencia, la tecnolog\u00eda avanzada y los productos de hormig\u00f3n de alta calidad que Architectural Polymers tiene para ofrecer.<\/p>\n","protected":false},"excerpt":{"rendered":"<p>Architectural Polymers: L\u00edder en Fabricaci\u00f3n de Formas de Concreto Architectural Polymers ha sido l\u00edder e innovador en la industria de fabricaci\u00f3n de encofrados de hormig\u00f3n durante 30 a\u00f1os, ofreciendo soluciones concretas para satisfacer las necesidades individuales de los proyectos de construcci\u00f3n prefabricados, tilt-up y construcci\u00f3n in situ.\u00a0 Desarrollamos una amplia gama de m\u00e9todos innovadores que [&hellip;]<\/p>\n","protected":false},"author":1,"featured_media":0,"parent":0,"menu_order":0,"comment_status":"closed","ping_status":"closed","template":"page-education.php","meta":{"_acf_changed":false,"footnotes":""},"class_list":["post-13","page","type-page","status-publish","hentry"],"acf":[],"yoast_head":"<!-- This site is optimized with the Yoast SEO plugin v23.7 - https:\/\/yoast.com\/wordpress\/plugins\/seo\/ -->\n<title>QUI\u00c9NES SOMOS - Architectural Polymers ES<\/title>\n<meta name=\"robots\" content=\"index, follow, max-snippet:-1, max-image-preview:large, max-video-preview:-1\" \/>\n<link rel=\"canonical\" href=\"https:\/\/apformliner.com\/es\/about-us\/\" \/>\n<meta property=\"og:locale\" content=\"en_US\" \/>\n<meta property=\"og:type\" content=\"article\" \/>\n<meta property=\"og:title\" content=\"QUI\u00c9NES SOMOS - Architectural Polymers ES\" \/>\n<meta property=\"og:description\" content=\"Architectural Polymers: L\u00edder en Fabricaci\u00f3n de Formas de Concreto Architectural Polymers ha sido l\u00edder e innovador en la industria de fabricaci\u00f3n de encofrados de hormig\u00f3n durante 30 a\u00f1os, ofreciendo soluciones concretas para satisfacer las necesidades individuales de los proyectos de construcci\u00f3n prefabricados, tilt-up y construcci\u00f3n in situ.\u00a0 Desarrollamos una amplia gama de m\u00e9todos innovadores que [&hellip;]\" \/>\n<meta property=\"og:url\" content=\"https:\/\/apformliner.com\/es\/about-us\/\" \/>\n<meta property=\"og:site_name\" content=\"Architectural Polymers ES\" \/>\n<meta property=\"article:modified_time\" content=\"2024-03-22T18:40:18+00:00\" \/>\n<meta name=\"twitter:card\" content=\"summary_large_image\" \/>\n<meta name=\"twitter:label1\" content=\"Est. reading time\" \/>\n\t<meta name=\"twitter:data1\" content=\"2 minutes\" \/>\n<script type=\"application\/ld+json\" class=\"yoast-schema-graph\">{\"@context\":\"https:\/\/schema.org\",\"@graph\":[{\"@type\":\"WebPage\",\"@id\":\"https:\/\/apformliner.com\/es\/about-us\/\",\"url\":\"https:\/\/apformliner.com\/es\/about-us\/\",\"name\":\"QUI\u00c9NES SOMOS - Architectural Polymers ES\",\"isPartOf\":{\"@id\":\"https:\/\/apformliner.com\/es\/#website\"},\"datePublished\":\"2021-07-28T14:52:29+00:00\",\"dateModified\":\"2024-03-22T18:40:18+00:00\",\"breadcrumb\":{\"@id\":\"https:\/\/apformliner.com\/es\/about-us\/#breadcrumb\"},\"inLanguage\":\"en-US\",\"potentialAction\":[{\"@type\":\"ReadAction\",\"target\":[\"https:\/\/apformliner.com\/es\/about-us\/\"]}]},{\"@type\":\"BreadcrumbList\",\"@id\":\"https:\/\/apformliner.com\/es\/about-us\/#breadcrumb\",\"itemListElement\":[{\"@type\":\"ListItem\",\"position\":1,\"name\":\"Home\",\"item\":\"https:\/\/apformliner.com\/es\/\"},{\"@type\":\"ListItem\",\"position\":2,\"name\":\"QUI\u00c9NES SOMOS\"}]},{\"@type\":\"WebSite\",\"@id\":\"https:\/\/apformliner.com\/es\/#website\",\"url\":\"https:\/\/apformliner.com\/es\/\",\"name\":\"Architectural Polymers ES\",\"description\":\"\",\"publisher\":{\"@id\":\"https:\/\/apformliner.com\/es\/#organization\"},\"potentialAction\":[{\"@type\":\"SearchAction\",\"target\":{\"@type\":\"EntryPoint\",\"urlTemplate\":\"https:\/\/apformliner.com\/es\/?s={search_term_string}\"},\"query-input\":{\"@type\":\"PropertyValueSpecification\",\"valueRequired\":true,\"valueName\":\"search_term_string\"}}],\"inLanguage\":\"en-US\"},{\"@type\":\"Organization\",\"@id\":\"https:\/\/apformliner.com\/es\/#organization\",\"name\":\"Architectural Polymers ES\",\"url\":\"https:\/\/apformliner.com\/es\/\",\"logo\":{\"@type\":\"ImageObject\",\"inLanguage\":\"en-US\",\"@id\":\"https:\/\/apformliner.com\/es\/#\/schema\/logo\/image\/\",\"url\":\"https:\/\/apformliner.com\/es\/wp-content\/uploads\/sites\/2\/2023\/02\/cropped-ap.png\",\"contentUrl\":\"https:\/\/apformliner.com\/es\/wp-content\/uploads\/sites\/2\/2023\/02\/cropped-ap.png\",\"width\":217,\"height\":228,\"caption\":\"Architectural Polymers ES\"},\"image\":{\"@id\":\"https:\/\/apformliner.com\/es\/#\/schema\/logo\/image\/\"}}]}<\/script>\n<!-- \/ Yoast SEO plugin. -->","yoast_head_json":{"title":"QUI\u00c9NES SOMOS - Architectural Polymers ES","robots":{"index":"index","follow":"follow","max-snippet":"max-snippet:-1","max-image-preview":"max-image-preview:large","max-video-preview":"max-video-preview:-1"},"canonical":"https:\/\/apformliner.com\/es\/about-us\/","og_locale":"en_US","og_type":"article","og_title":"QUI\u00c9NES SOMOS - Architectural Polymers ES","og_description":"Architectural Polymers: L\u00edder en Fabricaci\u00f3n de Formas de Concreto Architectural Polymers ha sido l\u00edder e innovador en la industria de fabricaci\u00f3n de encofrados de hormig\u00f3n durante 30 a\u00f1os, ofreciendo soluciones concretas para satisfacer las necesidades individuales de los proyectos de construcci\u00f3n prefabricados, tilt-up y construcci\u00f3n in situ.\u00a0 Desarrollamos una amplia gama de m\u00e9todos innovadores que [&hellip;]","og_url":"https:\/\/apformliner.com\/es\/about-us\/","og_site_name":"Architectural Polymers ES","article_modified_time":"2024-03-22T18:40:18+00:00","twitter_card":"summary_large_image","twitter_misc":{"Est. reading time":"2 minutes"},"schema":{"@context":"https:\/\/schema.org","@graph":[{"@type":"WebPage","@id":"https:\/\/apformliner.com\/es\/about-us\/","url":"https:\/\/apformliner.com\/es\/about-us\/","name":"QUI\u00c9NES SOMOS - Architectural Polymers ES","isPartOf":{"@id":"https:\/\/apformliner.com\/es\/#website"},"datePublished":"2021-07-28T14:52:29+00:00","dateModified":"2024-03-22T18:40:18+00:00","breadcrumb":{"@id":"https:\/\/apformliner.com\/es\/about-us\/#breadcrumb"},"inLanguage":"en-US","potentialAction":[{"@type":"ReadAction","target":["https:\/\/apformliner.com\/es\/about-us\/"]}]},{"@type":"BreadcrumbList","@id":"https:\/\/apformliner.com\/es\/about-us\/#breadcrumb","itemListElement":[{"@type":"ListItem","position":1,"name":"Home","item":"https:\/\/apformliner.com\/es\/"},{"@type":"ListItem","position":2,"name":"QUI\u00c9NES SOMOS"}]},{"@type":"WebSite","@id":"https:\/\/apformliner.com\/es\/#website","url":"https:\/\/apformliner.com\/es\/","name":"Architectural Polymers ES","description":"","publisher":{"@id":"https:\/\/apformliner.com\/es\/#organization"},"potentialAction":[{"@type":"SearchAction","target":{"@type":"EntryPoint","urlTemplate":"https:\/\/apformliner.com\/es\/?s={search_term_string}"},"query-input":{"@type":"PropertyValueSpecification","valueRequired":true,"valueName":"search_term_string"}}],"inLanguage":"en-US"},{"@type":"Organization","@id":"https:\/\/apformliner.com\/es\/#organization","name":"Architectural Polymers ES","url":"https:\/\/apformliner.com\/es\/","logo":{"@type":"ImageObject","inLanguage":"en-US","@id":"https:\/\/apformliner.com\/es\/#\/schema\/logo\/image\/","url":"https:\/\/apformliner.com\/es\/wp-content\/uploads\/sites\/2\/2023\/02\/cropped-ap.png","contentUrl":"https:\/\/apformliner.com\/es\/wp-content\/uploads\/sites\/2\/2023\/02\/cropped-ap.png","width":217,"height":228,"caption":"Architectural Polymers ES"},"image":{"@id":"https:\/\/apformliner.com\/es\/#\/schema\/logo\/image\/"}}]}},"_links":{"self":[{"href":"https:\/\/apformliner.com\/es\/wp-json\/wp\/v2\/pages\/13","targetHints":{"allow":["GET"]}}],"collection":[{"href":"https:\/\/apformliner.com\/es\/wp-json\/wp\/v2\/pages"}],"about":[{"href":"https:\/\/apformliner.com\/es\/wp-json\/wp\/v2\/types\/page"}],"author":[{"embeddable":true,"href":"https:\/\/apformliner.com\/es\/wp-json\/wp\/v2\/users\/1"}],"replies":[{"embeddable":true,"href":"https:\/\/apformliner.com\/es\/wp-json\/wp\/v2\/comments?post=13"}],"version-history":[{"count":20,"href":"https:\/\/apformliner.com\/es\/wp-json\/wp\/v2\/pages\/13\/revisions"}],"predecessor-version":[{"id":4872,"href":"https:\/\/apformliner.com\/es\/wp-json\/wp\/v2\/pages\/13\/revisions\/4872"}],"wp:attachment":[{"href":"https:\/\/apformliner.com\/es\/wp-json\/wp\/v2\/media?parent=13"}],"curies":[{"name":"wp","href":"https:\/\/api.w.org\/{rel}","templated":true}]}}